{"id":17,"date":"2026-01-11T22:43:10","date_gmt":"2026-01-11T21:43:10","guid":{"rendered":"https:\/\/commeo-events.com\/?page_id=17"},"modified":"2026-04-14T03:46:02","modified_gmt":"2026-04-14T01:46:02","slug":"events","status":"publish","type":"page","link":"https:\/\/commeo-events.com\/?page_id=17","title":{"rendered":"Event&rsquo;s"},"content":{"rendered":"\t\t<div data-elementor-type=\"wp-page\" data-elementor-id=\"17\" class=\"elementor elementor-17\">\n\t\t\t\t<div class=\"elementor-element elementor-element-4f6b84f e-flex e-con-boxed e-con e-parent\" data-id=\"4f6b84f\" data-element_type=\"container\" data-e-type=\"container\">\n\t\t\t\t\t<div class=\"e-con-inner\">\n\t\t\t\t<div class=\"elementor-element elementor-element-2968655 elementor-widget elementor-widget-heading\" data-id=\"2968655\" data-element_type=\"widget\" data-e-type=\"widget\" data-widget_type=\"heading.default\">\n\t\t\t\t\t<h1 class=\"elementor-heading-title elementor-size-default\">GRAND PRIX<\/h1>\t\t\t\t<\/div>\n\t\t\t\t\t<\/div>\n\t\t\t\t<\/div>\n\t\t<div class=\"elementor-element elementor-element-8e4e309 e-flex e-con-boxed e-con e-parent\" data-id=\"8e4e309\" data-element_type=\"container\" data-e-type=\"container\">\n\t\t\t\t\t<div class=\"e-con-inner\">\n\t\t<div class=\"elementor-element elementor-element-0479d41 e-con-full e-flex e-con e-child\" data-id=\"0479d41\" data-element_type=\"container\" data-e-type=\"container\" data-settings=\"{&quot;background_background&quot;:&quot;classic&quot;}\">\n\t\t\t\t<div class=\"elementor-element elementor-element-211fda2 elementor-absolute elementor-widget elementor-widget-heading\" data-id=\"211fda2\" data-element_type=\"widget\" data-e-type=\"widget\" data-settings=\"{&quot;_position&quot;:&quot;absolute&quot;}\" data-widget_type=\"heading.default\">\n\t\t\t\t\t<h2 class=\"elementor-heading-title elementor-size-default\">Compiegne Classic 08-11 Avril<\/h2>\t\t\t\t<\/div>\n\t\t\t\t<\/div>\n\t\t<div class=\"elementor-element elementor-element-99036da e-con-full e-flex e-con e-child\" data-id=\"99036da\" data-element_type=\"container\" data-e-type=\"container\" data-settings=\"{&quot;background_background&quot;:&quot;classic&quot;}\">\n\t\t\t\t<div class=\"elementor-element elementor-element-415e004 elementor-absolute elementor-widget elementor-widget-heading\" data-id=\"415e004\" data-element_type=\"widget\" data-e-type=\"widget\" data-settings=\"{&quot;_position&quot;:&quot;absolute&quot;}\" data-widget_type=\"heading.default\">\n\t\t\t\t\t<h2 class=\"elementor-heading-title elementor-size-default\">Compiegne CSIO YOUTH 16-19 Avril<\/h2>\t\t\t\t<\/div>\n\t\t\t\t<\/div>\n\t\t<div class=\"elementor-element elementor-element-833e27b e-con-full e-flex e-con e-child\" data-id=\"833e27b\" data-element_type=\"container\" data-e-type=\"container\" data-settings=\"{&quot;background_background&quot;:&quot;classic&quot;}\">\n\t\t\t\t<div class=\"elementor-element elementor-element-f2c1dbe elementor-absolute elementor-widget elementor-widget-heading\" data-id=\"f2c1dbe\" data-element_type=\"widget\" data-e-type=\"widget\" data-settings=\"{&quot;_position&quot;:&quot;absolute&quot;}\" data-widget_type=\"heading.default\">\n\t\t\t\t\t<h2 class=\"elementor-heading-title elementor-size-default\">Le TOUQUET Classic 07-10 Mai<\/h2>\t\t\t\t<\/div>\n\t\t\t\t<\/div>\n\t\t<div class=\"elementor-element elementor-element-47e4117 e-con-full e-flex e-con e-child\" data-id=\"47e4117\" data-element_type=\"container\" data-e-type=\"container\" data-settings=\"{&quot;background_background&quot;:&quot;classic&quot;}\">\n\t\t\t\t<div class=\"elementor-element elementor-element-cd8735e elementor-absolute elementor-widget elementor-widget-heading\" data-id=\"cd8735e\" data-element_type=\"widget\" data-e-type=\"widget\" data-settings=\"{&quot;_position&quot;:&quot;absolute&quot;}\" data-widget_type=\"heading.default\">\n\t\t\t\t\t<h2 class=\"elementor-heading-title elementor-size-default\">CABOURG Classic 28-31 Mai<\/h2>\t\t\t\t<\/div>\n\t\t\t\t<\/div>\n\t\t<div class=\"elementor-element elementor-element-4ac7206 e-con-full e-flex e-con e-child\" data-id=\"4ac7206\" data-element_type=\"container\" data-e-type=\"container\" data-settings=\"{&quot;background_background&quot;:&quot;classic&quot;}\">\n\t\t\t\t<div class=\"elementor-element elementor-element-300b398 elementor-absolute elementor-widget elementor-widget-heading\" data-id=\"300b398\" data-element_type=\"widget\" data-e-type=\"widget\" data-settings=\"{&quot;_position&quot;:&quot;absolute&quot;}\" data-widget_type=\"heading.default\">\n\t\t\t\t\t<h2 class=\"elementor-heading-title elementor-size-default\">CSIO DEAUVILLE Classic 04-07 Juin<\/h2>\t\t\t\t<\/div>\n\t\t\t\t<\/div>\n\t\t<div class=\"elementor-element elementor-element-9de7c33 e-con-full e-flex e-con e-child\" data-id=\"9de7c33\" data-element_type=\"container\" data-e-type=\"container\" data-settings=\"{&quot;background_background&quot;:&quot;classic&quot;}\">\n\t\t\t\t<div class=\"elementor-element elementor-element-9f530e3 elementor-absolute elementor-widget elementor-widget-heading\" data-id=\"9f530e3\" data-element_type=\"widget\" data-e-type=\"widget\" data-settings=\"{&quot;_position&quot;:&quot;absolute&quot;}\" data-widget_type=\"heading.default\">\n\t\t\t\t\t<h2 class=\"elementor-heading-title elementor-size-default\"> FONTAINEBLEAU 25-28 Juin<\/h2>\t\t\t\t<\/div>\n\t\t\t\t<\/div>\n\t\t<div class=\"elementor-element elementor-element-c07266c e-con-full e-flex e-con e-child\" data-id=\"c07266c\" data-element_type=\"container\" data-e-type=\"container\" data-settings=\"{&quot;background_background&quot;:&quot;classic&quot;}\">\n\t\t\t\t<div class=\"elementor-element elementor-element-d900c49 elementor-absolute elementor-widget elementor-widget-heading\" data-id=\"d900c49\" data-element_type=\"widget\" data-e-type=\"widget\" data-settings=\"{&quot;_position&quot;:&quot;absolute&quot;}\" data-widget_type=\"heading.default\">\n\t\t\t\t\t<h2 class=\"elementor-heading-title elementor-size-default\">CHANTILLY Classic 09-12 Juillet<\/h2>\t\t\t\t<\/div>\n\t\t\t\t<\/div>\n\t\t<div class=\"elementor-element elementor-element-7579a29 e-con-full e-flex e-con e-child\" data-id=\"7579a29\" data-element_type=\"container\" data-e-type=\"container\" data-settings=\"{&quot;background_background&quot;:&quot;classic&quot;}\">\n\t\t\t\t<div class=\"elementor-element elementor-element-b5faa4e elementor-absolute elementor-widget elementor-widget-heading\" data-id=\"b5faa4e\" data-element_type=\"widget\" data-e-type=\"widget\" data-settings=\"{&quot;_position&quot;:&quot;absolute&quot;}\" data-widget_type=\"heading.default\">\n\t\t\t\t\t<h2 class=\"elementor-heading-title elementor-size-default\">LONGINES DEAUVILLE Classic 13-16 Aout<\/h2>\t\t\t\t<\/div>\n\t\t\t\t<\/div>\n\t\t\t\t\t<\/div>\n\t\t\t\t<\/div>\n\t\t<div class=\"elementor-element elementor-element-e32f7d9 e-flex e-con-boxed e-con e-parent\" data-id=\"e32f7d9\" data-element_type=\"container\" data-e-type=\"container\">\n\t\t\t\t\t<div class=\"e-con-inner\">\n\t\t\t\t<div class=\"elementor-element elementor-element-78209a3 elementor-widget elementor-widget-heading\" data-id=\"78209a3\" data-element_type=\"widget\" data-e-type=\"widget\" data-widget_type=\"heading.default\">\n\t\t\t\t\t<h1 class=\"elementor-heading-title elementor-size-default\">GLOBAL CHAMPION TOUR<\/h1>\t\t\t\t<\/div>\n\t\t\t\t\t<\/div>\n\t\t\t\t<\/div>\n\t\t<div class=\"elementor-element elementor-element-1650174 e-flex e-con-boxed e-con e-parent\" data-id=\"1650174\" data-element_type=\"container\" data-e-type=\"container\">\n\t\t\t\t\t<div class=\"e-con-inner\">\n\t\t<div class=\"elementor-element elementor-element-12bbdd2 e-con-full e-flex e-con e-child\" data-id=\"12bbdd2\" data-element_type=\"container\" data-e-type=\"container\" data-settings=\"{&quot;background_background&quot;:&quot;classic&quot;}\">\n\t\t\t\t<div class=\"elementor-element elementor-element-22fbf92 elementor-absolute elementor-widget elementor-widget-heading\" data-id=\"22fbf92\" data-element_type=\"widget\" data-e-type=\"widget\" data-settings=\"{&quot;_position&quot;:&quot;absolute&quot;}\" data-widget_type=\"heading.default\">\n\t\t\t\t\t<h2 class=\"elementor-heading-title elementor-size-default\">CANNES 4-6 Juin <\/h2>\t\t\t\t<\/div>\n\t\t\t\t<\/div>\n\t\t<div class=\"elementor-element elementor-element-eb08207 e-con-full e-flex e-con e-child\" data-id=\"eb08207\" data-element_type=\"container\" data-e-type=\"container\" data-settings=\"{&quot;background_background&quot;:&quot;classic&quot;}\">\n\t\t\t\t<div class=\"elementor-element elementor-element-ccfd68a elementor-absolute elementor-widget elementor-widget-heading\" data-id=\"ccfd68a\" data-element_type=\"widget\" data-e-type=\"widget\" data-settings=\"{&quot;_position&quot;:&quot;absolute&quot;}\" data-widget_type=\"heading.default\">\n\t\t\t\t\t<h2 class=\"elementor-heading-title elementor-size-default\">MONACO 2-4 Juillet<\/h2>\t\t\t\t<\/div>\n\t\t\t\t<\/div>\n\t\t<div class=\"elementor-element elementor-element-441c167 e-con-full e-flex e-con e-child\" data-id=\"441c167\" data-element_type=\"container\" data-e-type=\"container\" data-settings=\"{&quot;background_background&quot;:&quot;classic&quot;}\">\n\t\t\t\t<div class=\"elementor-element elementor-element-4643422 elementor-absolute elementor-widget elementor-widget-heading\" data-id=\"4643422\" data-element_type=\"widget\" data-e-type=\"widget\" data-settings=\"{&quot;_position&quot;:&quot;absolute&quot;}\" data-widget_type=\"heading.default\">\n\t\t\t\t\t<h2 class=\"elementor-heading-title elementor-size-default\">RAMATUELLE, ST. TROPEZ 11-13 Juin<\/h2>\t\t\t\t<\/div>\n\t\t\t\t<\/div>\n\t\t<div class=\"elementor-element elementor-element-09817cc e-con-full e-flex e-con e-child\" data-id=\"09817cc\" data-element_type=\"container\" data-e-type=\"container\" data-settings=\"{&quot;background_background&quot;:&quot;classic&quot;}\">\n\t\t\t\t<div class=\"elementor-element elementor-element-0d8a09d elementor-absolute elementor-widget elementor-widget-heading\" data-id=\"0d8a09d\" data-element_type=\"widget\" data-e-type=\"widget\" data-settings=\"{&quot;_position&quot;:&quot;absolute&quot;}\" data-widget_type=\"heading.default\">\n\t\t\t\t\t<h2 class=\"elementor-heading-title elementor-size-default\">PARIS 19-21 Juin<\/h2>\t\t\t\t<\/div>\n\t\t\t\t<\/div>\n\t\t<div class=\"elementor-element elementor-element-1898b86 e-con-full e-flex e-con e-child\" data-id=\"1898b86\" data-element_type=\"container\" data-e-type=\"container\" data-settings=\"{&quot;background_background&quot;:&quot;classic&quot;}\">\n\t\t\t\t<div class=\"elementor-element elementor-element-e250b4a elementor-absolute elementor-widget elementor-widget-heading\" data-id=\"e250b4a\" data-element_type=\"widget\" data-e-type=\"widget\" data-settings=\"{&quot;_position&quot;:&quot;absolute&quot;}\" data-widget_type=\"heading.default\">\n\t\t\t\t\t<h2 class=\"elementor-heading-title elementor-size-default\">RABAT 30 Octobre - 1 Novembre<\/h2>\t\t\t\t<\/div>\n\t\t\t\t<\/div>\n\t\t\t\t\t<\/div>\n\t\t\t\t<\/div>\n\t\t<div class=\"elementor-element elementor-element-b611e6b e-flex e-con-boxed e-con e-parent\" data-id=\"b611e6b\" data-element_type=\"container\" data-e-type=\"container\">\n\t\t\t\t\t<div class=\"e-con-inner\">\n\t\t\t\t<div class=\"elementor-element elementor-element-575dbba elementor-widget elementor-widget-heading\" data-id=\"575dbba\" data-element_type=\"widget\" data-e-type=\"widget\" data-widget_type=\"heading.default\">\n\t\t\t\t\t<h1 class=\"elementor-heading-title elementor-size-default\">LES SALONS<\/h1>\t\t\t\t<\/div>\n\t\t\t\t\t<\/div>\n\t\t\t\t<\/div>\n\t\t<div class=\"elementor-element elementor-element-7fd20a1 e-flex e-con-boxed e-con e-parent\" data-id=\"7fd20a1\" data-element_type=\"container\" data-e-type=\"container\">\n\t\t\t\t\t<div class=\"e-con-inner\">\n\t\t<div class=\"elementor-element elementor-element-f40e4b5 e-con-full e-flex e-con e-child\" data-id=\"f40e4b5\" data-element_type=\"container\" data-e-type=\"container\" data-settings=\"{&quot;background_background&quot;:&quot;classic&quot;}\">\n\t\t\t\t<div class=\"elementor-element elementor-element-66a6e7d elementor-absolute elementor-widget elementor-widget-heading\" data-id=\"66a6e7d\" data-element_type=\"widget\" data-e-type=\"widget\" data-settings=\"{&quot;_position&quot;:&quot;absolute&quot;}\" data-widget_type=\"heading.default\">\n\t\t\t\t\t<h2 class=\"elementor-heading-title elementor-size-default\">EQUITA LYON 28 Octobre - 1 Novembre<\/h2>\t\t\t\t<\/div>\n\t\t\t\t<\/div>\n\t\t<div class=\"elementor-element elementor-element-ea5412f e-con-full e-flex e-con e-child\" data-id=\"ea5412f\" data-element_type=\"container\" data-e-type=\"container\" data-settings=\"{&quot;background_background&quot;:&quot;classic&quot;}\">\n\t\t\t\t<div class=\"elementor-element elementor-element-0e6ed6b elementor-absolute elementor-widget elementor-widget-heading\" data-id=\"0e6ed6b\" data-element_type=\"widget\" data-e-type=\"widget\" data-settings=\"{&quot;_position&quot;:&quot;absolute&quot;}\" data-widget_type=\"heading.default\">\n\t\t\t\t\t<h2 class=\"elementor-heading-title elementor-size-default\">Salon du Cheval PARIS 04-06 D\u00e9cembre<\/h2>\t\t\t\t<\/div>\n\t\t\t\t<\/div>\n\t\t<div class=\"elementor-element elementor-element-4054372 e-con-full e-flex e-con e-child\" data-id=\"4054372\" data-element_type=\"container\" data-e-type=\"container\" data-settings=\"{&quot;background_background&quot;:&quot;classic&quot;}\">\n\t\t\t\t<div class=\"elementor-element elementor-element-668a381 elementor-absolute elementor-widget elementor-widget-heading\" data-id=\"668a381\" data-element_type=\"widget\" data-e-type=\"widget\" data-settings=\"{&quot;_position&quot;:&quot;absolute&quot;}\" data-widget_type=\"heading.default\">\n\t\t\t\t\t<h2 class=\"elementor-heading-title elementor-size-default\">Jumping de BORDEAUX 05-08 F\u00e9vrier \n<\/h2>\t\t\t\t<\/div>\n\t\t\t\t<\/div>\n\t\t\t\t\t<\/div>\n\t\t\t\t<\/div>\n\t\t<div class=\"elementor-element elementor-element-d4c11b6 e-flex e-con-boxed e-con e-parent\" data-id=\"d4c11b6\" data-element_type=\"container\" data-e-type=\"container\">\n\t\t\t\t\t<div class=\"e-con-inner\">\n\t\t\t\t<div class=\"elementor-element elementor-element-ba15112 elementor-widget elementor-widget-heading\" data-id=\"ba15112\" data-element_type=\"widget\" data-e-type=\"widget\" data-widget_type=\"heading.default\">\n\t\t\t\t\t<h1 class=\"elementor-heading-title elementor-size-default\">LES AUTRES EVENTS<\/h1>\t\t\t\t<\/div>\n\t\t\t\t\t<\/div>\n\t\t\t\t<\/div>\n\t\t<div class=\"elementor-element elementor-element-83d77f9 e-flex e-con-boxed e-con e-parent\" data-id=\"83d77f9\" data-element_type=\"container\" data-e-type=\"container\">\n\t\t\t\t\t<div class=\"e-con-inner\">\n\t\t<div class=\"elementor-element elementor-element-4d18a97 e-con-full e-flex e-con e-child\" data-id=\"4d18a97\" data-element_type=\"container\" data-e-type=\"container\" data-settings=\"{&quot;background_background&quot;:&quot;classic&quot;}\">\n\t\t\t\t<div class=\"elementor-element elementor-element-4b2f6f4 elementor-absolute elementor-widget elementor-widget-heading\" data-id=\"4b2f6f4\" data-element_type=\"widget\" data-e-type=\"widget\" data-settings=\"{&quot;_position&quot;:&quot;absolute&quot;}\" data-widget_type=\"heading.default\">\n\t\t\t\t\t<h2 class=\"elementor-heading-title elementor-size-default\">DEAUVILLE<\/h2>\t\t\t\t<\/div>\n\t\t\t\t<\/div>\n\t\t<div class=\"elementor-element elementor-element-36ad8bf e-con-full e-flex e-con e-child\" data-id=\"36ad8bf\" data-element_type=\"container\" data-e-type=\"container\" data-settings=\"{&quot;background_background&quot;:&quot;classic&quot;}\">\n\t\t\t\t<div class=\"elementor-element elementor-element-d4a3756 elementor-absolute elementor-widget elementor-widget-heading\" data-id=\"d4a3756\" data-element_type=\"widget\" data-e-type=\"widget\" data-settings=\"{&quot;_position&quot;:&quot;absolute&quot;}\" data-widget_type=\"heading.default\">\n\t\t\t\t\t<h2 class=\"elementor-heading-title elementor-size-default\">Polo Club GASSIN<\/h2>\t\t\t\t<\/div>\n\t\t\t\t<\/div>\n\t\t<div class=\"elementor-element elementor-element-8f4208b e-con-full e-flex e-con e-child\" data-id=\"8f4208b\" data-element_type=\"container\" data-e-type=\"container\" data-settings=\"{&quot;background_background&quot;:&quot;classic&quot;}\">\n\t\t\t\t<div class=\"elementor-element elementor-element-e5fbcec elementor-absolute elementor-widget elementor-widget-heading\" data-id=\"e5fbcec\" data-element_type=\"widget\" data-e-type=\"widget\" data-settings=\"{&quot;_position&quot;:&quot;absolute&quot;}\" data-widget_type=\"heading.default\">\n\t\t\t\t\t<h2 class=\"elementor-heading-title elementor-size-default\">NICE 16 Octobre <\/h2>\t\t\t\t<\/div>\n\t\t\t\t<\/div>\n\t\t<div class=\"elementor-element elementor-element-0579d53 e-con-full e-flex e-con e-child\" data-id=\"0579d53\" data-element_type=\"container\" data-e-type=\"container\" data-settings=\"{&quot;background_background&quot;:&quot;classic&quot;}\">\n\t\t\t\t<div class=\"elementor-element elementor-element-5a81574 elementor-absolute elementor-widget elementor-widget-heading\" data-id=\"5a81574\" data-element_type=\"widget\" data-e-type=\"widget\" data-settings=\"{&quot;_position&quot;:&quot;absolute&quot;}\" data-widget_type=\"heading.default\">\n\t\t\t\t\t<h2 class=\"elementor-heading-title elementor-size-default\">ENE SAUMUR 31 Mai - 01 Juin<\/h2>\t\t\t\t<\/div>\n\t\t\t\t<\/div>\n\t\t<div class=\"elementor-element elementor-element-81b0ef2 e-con-full e-flex e-con e-child\" data-id=\"81b0ef2\" data-element_type=\"container\" data-e-type=\"container\" data-settings=\"{&quot;background_background&quot;:&quot;classic&quot;}\">\n\t\t\t\t<div class=\"elementor-element elementor-element-d30a04b elementor-absolute elementor-widget elementor-widget-heading\" data-id=\"d30a04b\" data-element_type=\"widget\" data-e-type=\"widget\" data-settings=\"{&quot;_position&quot;:&quot;absolute&quot;}\" data-widget_type=\"heading.default\">\n\t\t\t\t\t<h2 class=\"elementor-heading-title elementor-size-default\">LE MANS<\/h2>\t\t\t\t<\/div>\n\t\t\t\t<\/div>\n\t\t\t\t\t<\/div>\n\t\t\t\t<\/div>\n\t\t\t\t<\/div>\n\t\t","protected":false},"excerpt":{"rendered":"<p>GRAND PRIX Compiegne Classic 08-11 Avril Compiegne CSIO YOUTH 16-19 Avril Le TOUQUET Classic 07-10 Mai CABOURG Classic 28-31 Mai CSIO DEAUVILLE Classic 04-07 Juin FONTAINEBLEAU 25-28 Juin CHANTILLY Classic 09-12 Juillet LONGINES DEAUVILLE Classic 13-16 Aout GLOBAL CHAMPION TOUR CANNES 4-6 Juin MONACO 2-4 Juillet RAMATUELLE, ST. TROPEZ 11-13 Juin PARIS 19-21 Juin RABAT &hellip; <\/p>\n<p class=\"link-more\"><a href=\"https:\/\/commeo-events.com\/?page_id=17\" class=\"more-link\">Continuer la lecture<span class=\"screen-reader-text\"> de &laquo;&nbsp;Event&rsquo;s&nbsp;&raquo;<\/span><\/a><\/p>\n","protected":false},"author":1,"featured_media":0,"parent":0,"menu_order":0,"comment_status":"closed","ping_status":"closed","template":"elementor_header_footer","meta":{"footnotes":""},"class_list":["post-17","page","type-page","status-publish","hentry"],"yoast_head":"<!-- This site is optimized with the Yoast SEO plugin v27.3 - https:\/\/yoast.com\/product\/yoast-seo-wordpress\/ -->\n<title>\u00c9v\u00e9nements \u00e9questres 2026 \u2013 France &amp; international \u2013 Comm&#039;eo Event&#039;s<\/title>\n<meta name=\"description\" content=\"D\u00e9couvrez les \u00e9v\u00e9nements \u00e9questres organis\u00e9s par Comm&#039;eo Event&#039;s en 2026 en France et \u00e0 l\u2019international : calendrier, lieux et organisation compl\u00e8te.\" \/>\n<meta name=\"robots\" content=\"index, follow, max-snippet:-1, max-image-preview:large, max-video-preview:-1\" \/>\n<link rel=\"canonical\" href=\"https:\/\/commeo-events.com\/?page_id=17\" \/>\n<meta property=\"og:locale\" content=\"fr_FR\" \/>\n<meta property=\"og:type\" content=\"article\" \/>\n<meta property=\"og:title\" content=\"\u00c9v\u00e9nements \u00e9questres 2026 \u2013 France &amp; international \u2013 Comm&#039;eo Event&#039;s\" \/>\n<meta property=\"og:description\" content=\"D\u00e9couvrez les \u00e9v\u00e9nements \u00e9questres organis\u00e9s par Comm&#039;eo Event&#039;s en 2026 en France et \u00e0 l\u2019international : calendrier, lieux et organisation compl\u00e8te.\" \/>\n<meta property=\"og:url\" content=\"https:\/\/commeo-events.com\/?page_id=17\" \/>\n<meta property=\"article:modified_time\" content=\"2026-04-14T01:46:02+00:00\" \/>\n<meta name=\"twitter:card\" content=\"summary_large_image\" \/>\n<meta name=\"twitter:label1\" content=\"Dur\u00e9e de lecture estim\u00e9e\" \/>\n\t<meta name=\"twitter:data1\" content=\"1 minute\" \/>\n<script type=\"application\/ld+json\" class=\"yoast-schema-graph\">{\"@context\":\"https:\\\/\\\/schema.org\",\"@graph\":[{\"@type\":\"WebPage\",\"@id\":\"https:\\\/\\\/commeo-events.com\\\/?page_id=17\",\"url\":\"https:\\\/\\\/commeo-events.com\\\/?page_id=17\",\"name\":\"\u00c9v\u00e9nements \u00e9questres 2026 \u2013 France & international \u2013 Comm'eo Event's\",\"isPartOf\":{\"@id\":\"https:\\\/\\\/commeo-events.com\\\/#website\"},\"datePublished\":\"2026-01-11T21:43:10+00:00\",\"dateModified\":\"2026-04-14T01:46:02+00:00\",\"description\":\"D\u00e9couvrez les \u00e9v\u00e9nements \u00e9questres organis\u00e9s par Comm'eo Event's en 2026 en France et \u00e0 l\u2019international : calendrier, lieux et organisation compl\u00e8te.\",\"breadcrumb\":{\"@id\":\"https:\\\/\\\/commeo-events.com\\\/?page_id=17#breadcrumb\"},\"inLanguage\":\"fr-FR\",\"potentialAction\":[{\"@type\":\"ReadAction\",\"target\":[\"https:\\\/\\\/commeo-events.com\\\/?page_id=17\"]}]},{\"@type\":\"BreadcrumbList\",\"@id\":\"https:\\\/\\\/commeo-events.com\\\/?page_id=17#breadcrumb\",\"itemListElement\":[{\"@type\":\"ListItem\",\"position\":1,\"name\":\"Accueil\",\"item\":\"https:\\\/\\\/commeo-events.com\\\/\"},{\"@type\":\"ListItem\",\"position\":2,\"name\":\"Event&rsquo;s\"}]},{\"@type\":\"WebSite\",\"@id\":\"https:\\\/\\\/commeo-events.com\\\/#website\",\"url\":\"https:\\\/\\\/commeo-events.com\\\/\",\"name\":\"Comm'eo event's\",\"description\":\"\",\"publisher\":{\"@id\":\"https:\\\/\\\/commeo-events.com\\\/#organization\"},\"potentialAction\":[{\"@type\":\"SearchAction\",\"target\":{\"@type\":\"EntryPoint\",\"urlTemplate\":\"https:\\\/\\\/commeo-events.com\\\/?s={search_term_string}\"},\"query-input\":{\"@type\":\"PropertyValueSpecification\",\"valueRequired\":true,\"valueName\":\"search_term_string\"}}],\"inLanguage\":\"fr-FR\"},{\"@type\":\"Organization\",\"@id\":\"https:\\\/\\\/commeo-events.com\\\/#organization\",\"name\":\"Comm'eo event's\",\"url\":\"https:\\\/\\\/commeo-events.com\\\/\",\"logo\":{\"@type\":\"ImageObject\",\"inLanguage\":\"fr-FR\",\"@id\":\"https:\\\/\\\/commeo-events.com\\\/#\\\/schema\\\/logo\\\/image\\\/\",\"url\":\"https:\\\/\\\/commeo-events.com\\\/wp-content\\\/uploads\\\/2026\\\/04\\\/cropped-Design-sans-titre-1.png\",\"contentUrl\":\"https:\\\/\\\/commeo-events.com\\\/wp-content\\\/uploads\\\/2026\\\/04\\\/cropped-Design-sans-titre-1.png\",\"width\":619,\"height\":250,\"caption\":\"Comm'eo event's\"},\"image\":{\"@id\":\"https:\\\/\\\/commeo-events.com\\\/#\\\/schema\\\/logo\\\/image\\\/\"}}]}<\/script>\n<!-- \/ Yoast SEO plugin. -->","yoast_head_json":{"title":"\u00c9v\u00e9nements \u00e9questres 2026 \u2013 France & international \u2013 Comm'eo Event's","description":"D\u00e9couvrez les \u00e9v\u00e9nements \u00e9questres organis\u00e9s par Comm'eo Event's en 2026 en France et \u00e0 l\u2019international : calendrier, lieux et organisation compl\u00e8te.","robots":{"index":"index","follow":"follow","max-snippet":"max-snippet:-1","max-image-preview":"max-image-preview:large","max-video-preview":"max-video-preview:-1"},"canonical":"https:\/\/commeo-events.com\/?page_id=17","og_locale":"fr_FR","og_type":"article","og_title":"\u00c9v\u00e9nements \u00e9questres 2026 \u2013 France & international \u2013 Comm'eo Event's","og_description":"D\u00e9couvrez les \u00e9v\u00e9nements \u00e9questres organis\u00e9s par Comm'eo Event's en 2026 en France et \u00e0 l\u2019international : calendrier, lieux et organisation compl\u00e8te.","og_url":"https:\/\/commeo-events.com\/?page_id=17","article_modified_time":"2026-04-14T01:46:02+00:00","twitter_card":"summary_large_image","twitter_misc":{"Dur\u00e9e de lecture estim\u00e9e":"1 minute"},"schema":{"@context":"https:\/\/schema.org","@graph":[{"@type":"WebPage","@id":"https:\/\/commeo-events.com\/?page_id=17","url":"https:\/\/commeo-events.com\/?page_id=17","name":"\u00c9v\u00e9nements \u00e9questres 2026 \u2013 France & international \u2013 Comm'eo Event's","isPartOf":{"@id":"https:\/\/commeo-events.com\/#website"},"datePublished":"2026-01-11T21:43:10+00:00","dateModified":"2026-04-14T01:46:02+00:00","description":"D\u00e9couvrez les \u00e9v\u00e9nements \u00e9questres organis\u00e9s par Comm'eo Event's en 2026 en France et \u00e0 l\u2019international : calendrier, lieux et organisation compl\u00e8te.","breadcrumb":{"@id":"https:\/\/commeo-events.com\/?page_id=17#breadcrumb"},"inLanguage":"fr-FR","potentialAction":[{"@type":"ReadAction","target":["https:\/\/commeo-events.com\/?page_id=17"]}]},{"@type":"BreadcrumbList","@id":"https:\/\/commeo-events.com\/?page_id=17#breadcrumb","itemListElement":[{"@type":"ListItem","position":1,"name":"Accueil","item":"https:\/\/commeo-events.com\/"},{"@type":"ListItem","position":2,"name":"Event&rsquo;s"}]},{"@type":"WebSite","@id":"https:\/\/commeo-events.com\/#website","url":"https:\/\/commeo-events.com\/","name":"Comm'eo event's","description":"","publisher":{"@id":"https:\/\/commeo-events.com\/#organization"},"potentialAction":[{"@type":"SearchAction","target":{"@type":"EntryPoint","urlTemplate":"https:\/\/commeo-events.com\/?s={search_term_string}"},"query-input":{"@type":"PropertyValueSpecification","valueRequired":true,"valueName":"search_term_string"}}],"inLanguage":"fr-FR"},{"@type":"Organization","@id":"https:\/\/commeo-events.com\/#organization","name":"Comm'eo event's","url":"https:\/\/commeo-events.com\/","logo":{"@type":"ImageObject","inLanguage":"fr-FR","@id":"https:\/\/commeo-events.com\/#\/schema\/logo\/image\/","url":"https:\/\/commeo-events.com\/wp-content\/uploads\/2026\/04\/cropped-Design-sans-titre-1.png","contentUrl":"https:\/\/commeo-events.com\/wp-content\/uploads\/2026\/04\/cropped-Design-sans-titre-1.png","width":619,"height":250,"caption":"Comm'eo event's"},"image":{"@id":"https:\/\/commeo-events.com\/#\/schema\/logo\/image\/"}}]}},"_hostinger_reach_plugin_has_subscription_block":false,"_hostinger_reach_plugin_is_elementor":false,"_links":{"self":[{"href":"https:\/\/commeo-events.com\/index.php?rest_route=\/wp\/v2\/pages\/17","targetHints":{"allow":["GET"]}}],"collection":[{"href":"https:\/\/commeo-events.com\/index.php?rest_route=\/wp\/v2\/pages"}],"about":[{"href":"https:\/\/commeo-events.com\/index.php?rest_route=\/wp\/v2\/types\/page"}],"author":[{"embeddable":true,"href":"https:\/\/commeo-events.com\/index.php?rest_route=\/wp\/v2\/users\/1"}],"replies":[{"embeddable":true,"href":"https:\/\/commeo-events.com\/index.php?rest_route=%2Fwp%2Fv2%2Fcomments&post=17"}],"version-history":[{"count":44,"href":"https:\/\/commeo-events.com\/index.php?rest_route=\/wp\/v2\/pages\/17\/revisions"}],"predecessor-version":[{"id":677,"href":"https:\/\/commeo-events.com\/index.php?rest_route=\/wp\/v2\/pages\/17\/revisions\/677"}],"wp:attachment":[{"href":"https:\/\/commeo-events.com\/index.php?rest_route=%2Fwp%2Fv2%2Fmedia&parent=17"}],"curies":[{"name":"wp","href":"https:\/\/api.w.org\/{rel}","templated":true}]}}